{"id":2583,"date":"2019-06-14T19:17:39","date_gmt":"2019-06-14T22:17:39","guid":{"rendered":"http:\/\/www.mtostes.com.br\/resumes\/"},"modified":"2021-02-19T13:49:46","modified_gmt":"2021-02-19T16:49:46","slug":"resumes","status":"publish","type":"page","link":"https:\/\/www.mtostes.com.br\/en\/resumes\/","title":{"rendered":"RESUMES"},"content":{"rendered":"<div class=\"wpb-content-wrapper\"><p>[vc_row][vc_column width=&#8221;1\/3&#8243;]<div id=\"ultimate-heading-429069e7b5720e8e3\" class=\"uvc-heading ult-adjust-bottom-margin ultimate-heading-429069e7b5720e8e3 uvc-3075 \" data-hspacer=\"line_only\"  data-halign=\"left\" style=\"text-align:left\"><div class=\"uvc-main-heading ult-responsive\"  data-ultimate-target='.uvc-heading.ultimate-heading-429069e7b5720e8e3 h2'  data-responsive-json-new='{\"font-size\":\"desktop:28px;\",\"line-height\":\"desktop:34px;\"}' ><h2 style=\"font-weight:bold;color:#333333;margin-bottom:20px;\">RESUMES<\/h2><\/div><div class=\"uvc-heading-spacer line_only\" style=\"topheight:1px;\"><span class=\"uvc-headings-line\" style=\"border-style:solid;border-bottom-width:1px;border-color:#33a93c;width:150px;\"><\/span><\/div><\/div>[\/vc_column][vc_column width=&#8221;2\/3&#8243;][\/vc_column][\/vc_row][vc_row][vc_column width=&#8221;2\/3&#8243;][vc_empty_space height=&#8221;50&#8243;][vc_column_text]<\/p>\n<h3><span style=\"color: #33a93c;\">JOIN US!<\/span><\/h3>\n<h5>Marcelo Tostes Law Firm is present in strategic capitals of Brazil and operates throughout the national territory through our extense network of correspondents.<\/h5>\n<h5>If you are a lawyer who invests in your career, identified with a dynamic environment focused on results and are attentive to legal and technological developments in the market, come and be part of Marcelo Tostes Law Firm.<\/h5>\n<p>[\/vc_column_text][vc_empty_space height=&#8221;50&#8243;][\/vc_column][vc_column width=&#8221;1\/3&#8243;][\/vc_column][\/vc_row][vc_row][vc_column][vc_tta_tabs style=&#8221;modern&#8221; color=&#8221;green&#8221; spacing=&#8221;5&#8243; gap=&#8221;5&#8243; active_section=&#8221;0&#8243; css_animation=&#8221;fadeInDown&#8221;][vc_tta_section i_icon_fontawesome=&#8221;&#8221; add_icon=&#8221;true&#8221; title=&#8221;Opportunities in Belo Horizonte, Florian\u00f3polis, Porto Alegre, Bras\u00edlia and S\u00e3o Paulo&#8221; tab_id=&#8221;1560449841483-2e5f060f-c902&#8243;][vc_empty_space height=&#8221;40&#8243;][vc_column_text]<\/p>\n<div class=\"caldera-grid\" id=\"caldera_form_1\" data-cf-ver=\"1.9.5\" data-cf-form-id=\"CF5d1fad6f3cbe0\"><div id=\"caldera_notices_1\" data-spinner=\"https:\/\/www.mtostes.com.br\/wp-admin\/images\/spinner.gif\"><\/div><form data-instance=\"1\" class=\"CF5d1fad6f3cbe0 caldera_forms_form cfajax-trigger\" method=\"POST\" enctype=\"multipart\/form-data\" id=\"CF5d1fad6f3cbe0_1\" data-form-id=\"CF5d1fad6f3cbe0\" aria-label=\"Curr&iacute;culos - Todas Unidades - eng\" data-target=\"#caldera_notices_1\" data-template=\"#cfajax_CF5d1fad6f3cbe0-tmpl\" data-cfajax=\"CF5d1fad6f3cbe0\" data-load-element=\"_parent\" data-load-class=\"cf_processing\" data-post-disable=\"0\" data-action=\"cf_process_ajax_submit\" data-request=\"https:\/\/www.mtostes.com.br\/en\/\/cf-api\/CF5d1fad6f3cbe0\" data-hiderows=\"true\">\r\n<input type=\"hidden\" id=\"_cf_verify_CF5d1fad6f3cbe0\" name=\"_cf_verify\" value=\"ee548e4322\"  data-nonce-time=\"1776792946\" \/><input type=\"hidden\" name=\"_wp_http_referer\" value=\"\/en\/wp-json\/wp\/v2\/pages\/2583\" \/><div id=\"cf2-CF5d1fad6f3cbe0_1\"><\/div><input type=\"hidden\" name=\"_cf_frm_id\" value=\"CF5d1fad6f3cbe0\">\r\n<input type=\"hidden\" name=\"_cf_frm_ct\" value=\"1\">\r\n<input type=\"hidden\" name=\"cfajax\" value=\"CF5d1fad6f3cbe0\">\r\n<input type=\"hidden\" name=\"_cf_cr_pst\" value=\"2583\">\r\n<div class=\"hide\" style=\"display:none; overflow:hidden;height:0;width:0;\">\r\n<label>Order Number<\/label><input type=\"text\" name=\"order_number\" value=\"\" autocomplete=\"off\">\r\n<\/div><div id=\"CF5d1fad6f3cbe0_1-row-1\"  class=\"row  first_row\"><div  class=\"col-sm-6  first_col\"><div data-field-wrapper=\"fld_4395008\" class=\"form-group\" id=\"fld_4395008_1-wrap\">\r\n\t<label id=\"fld_4395008Label\" for=\"fld_4395008_1\" class=\"control-label\">Name: <span aria-hidden=\"true\" role=\"presentation\" class=\"field_required\" style=\"color:#ee0000;\">*<\/span><\/label>\r\n\t<div class=\"\">\r\n\t\t<input placeholder=\"Enter your name\"  required type=\"text\" data-field=\"fld_4395008\" class=\" form-control\" id=\"fld_4395008_1\" name=\"fld_4395008\" value=\"\" data-type=\"text\" aria-required=\"true\"   aria-labelledby=\"fld_4395008Label\" >\t\t\t<\/div>\r\n<\/div>\r\n<hr id=\"fld_6274889_1\" class=\"\" style=\"width: 100%\" \/><\/div><div  class=\"col-sm-6  last_col\"><div data-field-wrapper=\"fld_3491892\" class=\"form-group\" id=\"fld_3491892_1-wrap\">\r\n\t<label id=\"fld_3491892Label\" for=\"fld_3491892_1\" class=\"control-label\">E-mail: <span aria-hidden=\"true\" role=\"presentation\" class=\"field_required\" style=\"color:#ee0000;\">*<\/span><\/label>\r\n\t<div class=\"\">\r\n\t\t<input placeholder=\" Enter your e-mail\"  required type=\"email\" data-field=\"fld_3491892\" class=\" form-control\" id=\"fld_3491892_1\" name=\"fld_3491892\" value=\"\" data-type=\"email\" aria-required=\"true\"   aria-labelledby=\"fld_3491892Label\" >\t\t\t<\/div>\r\n<\/div>\r\n<hr id=\"fld_4142649_1\" class=\"\" style=\"width: 100%\" \/><\/div><\/div><div id=\"CF5d1fad6f3cbe0_1-row-2\"  class=\"row \"><div  class=\"col-sm-12  single\"><div data-field-wrapper=\"fld_4931630\" class=\"form-group\" id=\"fld_4931630_1-wrap\">\r\n<label id=\"fld_4931630Label\" for=\"fld_4931630_1\" class=\"control-label\">Which unit would you like to work in? <span aria-hidden=\"true\" role=\"presentation\" class=\"field_required\" style=\"color:#ee0000;\">*<\/span><\/label>\r\n<div class=\"\">\r\n\t\t\t\t<label class=\"radio-inline\" data-label=\"Belo Horizonte\" for=\"fld_4931630_1_opt1172611\"><input type=\"radio\" id=\"fld_4931630_1_opt1172611\" data-field=\"fld_4931630\" class=\"fld_4931630_1 option-required\" name=\"fld_4931630\" value=\"Belo Horizonte\"   required=\"required\" data-radio-field=\"fld_4931630_1\" data-type=\"radio\" data-calc-value=\"Belo Horizonte\" \/>\n\t\t\tBelo Horizonte\t\t<\/label>\n\t\t\t\t\t\t\t\t<label class=\"radio-inline\" data-label=\"Florian\u00f3polis\" for=\"fld_4931630_1_opt1870105\"><input type=\"radio\" id=\"fld_4931630_1_opt1870105\" data-field=\"fld_4931630\" class=\"fld_4931630_1 option-required\" name=\"fld_4931630\" value=\"Florian\u00f3polis\"   required=\"required\" data-radio-field=\"fld_4931630_1\" data-type=\"radio\" data-calc-value=\"Florian\u00f3polis\" \/>\n\t\t\tFlorian\u00f3polis\t\t<\/label>\n\t\t\t\t\t\t\t\t<label class=\"radio-inline\" data-label=\"Porto Alegre\" for=\"fld_4931630_1_opt2075211\"><input type=\"radio\" id=\"fld_4931630_1_opt2075211\" data-field=\"fld_4931630\" class=\"fld_4931630_1 option-required\" name=\"fld_4931630\" value=\"Porto Alegre\"   required=\"required\" data-radio-field=\"fld_4931630_1\" data-type=\"radio\" data-calc-value=\"Porto Alegre\" \/>\n\t\t\tPorto Alegre\t\t<\/label>\n\t\t\t\t\t\t\t\t<label class=\"radio-inline\" data-label=\"Bras\u00edlia\" for=\"fld_4931630_1_opt1846995\"><input type=\"radio\" id=\"fld_4931630_1_opt1846995\" data-field=\"fld_4931630\" class=\"fld_4931630_1 option-required\" name=\"fld_4931630\" value=\"Bras\u00edlia\"   required=\"required\" data-radio-field=\"fld_4931630_1\" data-type=\"radio\" data-calc-value=\"Bras\u00edlia\" \/>\n\t\t\tBras\u00edlia\t\t<\/label>\n\t\t\t\t\t\t\t\t<label class=\"radio-inline\" data-label=\"S\u00e3o Paulo\" for=\"fld_4931630_1_opt1186295\"><input type=\"radio\" id=\"fld_4931630_1_opt1186295\" data-field=\"fld_4931630\" class=\"fld_4931630_1 option-required\" name=\"fld_4931630\" value=\"S\u00e3o Paulo\"   required=\"required\" data-radio-field=\"fld_4931630_1\" data-type=\"radio\" data-calc-value=\"S\u00e3o Paulo\" \/>\n\t\t\tS\u00e3o Paulo\t\t<\/label>\n\t\t\t\t<\/div>\r\n<\/div>\r\n<hr id=\"fld_7025791_1\" class=\"\" style=\"width: 100%\" \/><\/div><\/div><div id=\"CF5d1fad6f3cbe0_1-row-3\"  class=\"row \"><div  class=\"col-sm-12  single\"><div data-field-wrapper=\"fld_3581185\" class=\"form-group\" id=\"fld_3581185_1-wrap\">\r\n<label id=\"fld_3581185Label\" for=\"fld_3581185_1\" class=\"control-label\">In which area are you applying for? <span aria-hidden=\"true\" role=\"presentation\" class=\"field_required\" style=\"color:#ee0000;\">*<\/span><\/label>\r\n<div class=\"\">\r\n\t\t\t\t<label class=\"radio-inline\" data-label=\"Legal\" for=\"fld_3581185_1_opt1575318\"><input type=\"radio\" id=\"fld_3581185_1_opt1575318\" data-field=\"fld_3581185\" class=\"fld_3581185_1 option-required\" name=\"fld_3581185\" value=\"Legal\"   required=\"required\" data-radio-field=\"fld_3581185_1\" data-type=\"radio\" data-calc-value=\"Legal\" \/>\n\t\t\tLegal\t\t<\/label>\n\t\t\t\t\t\t\t\t<label class=\"radio-inline\" data-label=\"Marketing\" for=\"fld_3581185_1_opt1482777\"><input type=\"radio\" id=\"fld_3581185_1_opt1482777\" data-field=\"fld_3581185\" class=\"fld_3581185_1 option-required\" name=\"fld_3581185\" value=\"Marketing\"   required=\"required\" data-radio-field=\"fld_3581185_1\" data-type=\"radio\" data-calc-value=\"Marketing\" \/>\n\t\t\tMarketing\t\t<\/label>\n\t\t\t\t\t\t\t\t<label class=\"radio-inline\" data-label=\"Human Resources \" for=\"fld_3581185_1_opt1918315\"><input type=\"radio\" id=\"fld_3581185_1_opt1918315\" data-field=\"fld_3581185\" class=\"fld_3581185_1 option-required\" name=\"fld_3581185\" value=\"Human Resources \"   required=\"required\" data-radio-field=\"fld_3581185_1\" data-type=\"radio\" data-calc-value=\"Human Resources \" \/>\n\t\t\tHuman Resources \t\t<\/label>\n\t\t\t\t\t\t\t\t<label class=\"radio-inline\" data-label=\"Financial\" for=\"fld_3581185_1_opt1558787\"><input type=\"radio\" id=\"fld_3581185_1_opt1558787\" data-field=\"fld_3581185\" class=\"fld_3581185_1 option-required\" name=\"fld_3581185\" value=\"Financial\"   required=\"required\" data-radio-field=\"fld_3581185_1\" data-type=\"radio\" data-calc-value=\"Financial\" \/>\n\t\t\tFinancial\t\t<\/label>\n\t\t\t\t\t\t\t\t<label class=\"radio-inline\" data-label=\"IT Support \" for=\"fld_3581185_1_opt1550072\"><input type=\"radio\" id=\"fld_3581185_1_opt1550072\" data-field=\"fld_3581185\" class=\"fld_3581185_1 option-required\" name=\"fld_3581185\" value=\"IT Support \"   required=\"required\" data-radio-field=\"fld_3581185_1\" data-type=\"radio\" data-calc-value=\"IT Support \" \/>\n\t\t\tIT Support \t\t<\/label>\n\t\t\t\t\t\t\t\t<label class=\"radio-inline\" data-label=\"Administrative\" for=\"fld_3581185_1_opt1932562\"><input type=\"radio\" id=\"fld_3581185_1_opt1932562\" data-field=\"fld_3581185\" class=\"fld_3581185_1 option-required\" name=\"fld_3581185\" value=\"Administrative\"   required=\"required\" data-radio-field=\"fld_3581185_1\" data-type=\"radio\" data-calc-value=\"Administrative\" \/>\n\t\t\tAdministrative\t\t<\/label>\n\t\t\t\t<\/div>\r\n<\/div>\r\n<hr id=\"fld_1408995_1\" class=\"\" style=\"width: 100%\" \/><\/div><\/div><div id=\"CF5d1fad6f3cbe0_1-row-4\"  class=\"row \"><div  class=\"col-sm-12  single\"><div data-field-wrapper=\"fld_4206969\" class=\"form-group\" id=\"fld_4206969_1-wrap\">\r\n<label id=\"fld_4206969Label\" for=\"fld_4206969_1\" class=\"control-label\">Enter the desired position: <span aria-hidden=\"true\" role=\"presentation\" class=\"field_required\" style=\"color:#ee0000;\">*<\/span><\/label>\r\n<div class=\"\">\r\n\t\t\t\t<label class=\"radio-inline\" data-label=\"Lawyer\" for=\"fld_4206969_1_opt1273189\"><input type=\"radio\" id=\"fld_4206969_1_opt1273189\" data-field=\"fld_4206969\" class=\"fld_4206969_1 option-required\" name=\"fld_4206969\" value=\"Lawyer\"   required=\"required\" data-radio-field=\"fld_4206969_1\" data-type=\"radio\" data-calc-value=\"Lawyer\" \/>\n\t\t\tLawyer\t\t<\/label>\n\t\t\t\t\t\t\t\t<label class=\"radio-inline\" data-label=\"Trainee\" for=\"fld_4206969_1_opt1123571\"><input type=\"radio\" id=\"fld_4206969_1_opt1123571\" data-field=\"fld_4206969\" class=\"fld_4206969_1 option-required\" name=\"fld_4206969\" value=\"Trainee\"   required=\"required\" data-radio-field=\"fld_4206969_1\" data-type=\"radio\" data-calc-value=\"Trainee\" \/>\n\t\t\tTrainee\t\t<\/label>\n\t\t\t\t\t\t\t\t<label class=\"radio-inline\" data-label=\"Legal Assistant \" for=\"fld_4206969_1_opt1325440\"><input type=\"radio\" id=\"fld_4206969_1_opt1325440\" data-field=\"fld_4206969\" class=\"fld_4206969_1 option-required\" name=\"fld_4206969\" value=\"Legal Assistant \"   required=\"required\" data-radio-field=\"fld_4206969_1\" data-type=\"radio\" data-calc-value=\"Legal Assistant \" \/>\n\t\t\tLegal Assistant \t\t<\/label>\n\t\t\t\t\t\t\t\t<label class=\"radio-inline\" data-label=\"CLT  (administrative areas)\" for=\"fld_4206969_1_opt2064186\"><input type=\"radio\" id=\"fld_4206969_1_opt2064186\" data-field=\"fld_4206969\" class=\"fld_4206969_1 option-required\" name=\"fld_4206969\" value=\"CLT  (administrative areas)\"   required=\"required\" data-radio-field=\"fld_4206969_1\" data-type=\"radio\" data-calc-value=\"CLT  (administrative areas)\" \/>\n\t\t\tCLT  (administrative areas)\t\t<\/label>\n\t\t\t\t<\/div>\r\n<\/div>\r\n<hr id=\"fld_8324310_1\" class=\"\" style=\"width: 100%\" \/><\/div><\/div><div id=\"CF5d1fad6f3cbe0_1-row-5\"  class=\"row \"><div  class=\"col-sm-12  single\"><div data-field-wrapper=\"fld_6179775\" class=\"form-group\" id=\"fld_6179775_1-wrap\">\r\n\t<label id=\"fld_6179775Label\" for=\"fld_6179775_1\" class=\"control-label\">Attach your resume: <span aria-hidden=\"true\" role=\"presentation\" class=\"field_required\" style=\"color:#ee0000;\">*<\/span><\/label>\r\n\t<div class=\"file-prevent-overflow\">\r\n\t\t<div id=\"fld_6179775_1_file_list\" class=\"cf-multi-uploader-list\"><\/div>\n\t\t\t\t<input type=\"file\" name=\"fld_6179775\" value=\"\" data-field=\"fld_6179775\" class=\"\" id=\"fld_6179775_1\" data-controlid=\"trupl69e7b57210d62\"   required=\"required\"   aria-labelledby=\"fld_6179775Label\" aria-describedby=\"fld_6179775Caption\">\n\t\t<input type=\"hidden\" name=\"fld_6179775\" value=\"trupl69e7b57210d62\">\n\t\t<span id=\"fld_6179775Caption\" class=\"help-block\">Extensions allowed: .doc e .pdf<\/span>\r\n\t<\/div>\r\n<\/div>\r\n<\/div><\/div><div id=\"CF5d1fad6f3cbe0_1-row-6\"  class=\"row \"><div  class=\"col-sm-12  single\"><hr id=\"fld_6805569_1\" class=\"\" style=\"width: 100%\" \/><\/div><\/div><div id=\"CF5d1fad6f3cbe0_1-row-7\"  class=\"row  last_row\"><div  class=\"col-sm-12  single\"><div data-field-wrapper=\"fld_1187029\" class=\"form-group\" id=\"fld_1187029_1-wrap\">\r\n<div class=\"\">\r\n\t<input  class=\"btn btn-default\" type=\"submit\" name=\"fld_1187029\" id=\"fld_1187029_1\" value=\"Submit\" data-field=\"fld_1187029\"  >\n<\/div>\r\n<\/div>\r\n\t<input class=\"button_trigger_1\" type=\"hidden\" name=\"fld_1187029\" id=\"fld_1187029_1_btn\" value=\"\" data-field=\"fld_1187029\"  \/>\n<\/div><\/div><\/form>\r\n<\/div>\r\n\n<p>[\/vc_column_text][\/vc_tta_section][\/vc_tta_tabs][\/vc_column][\/vc_row]<\/p>\n<\/div>","protected":false},"excerpt":{"rendered":"<p>[vc_row][vc_column width=&#8221;1\/3&#8243;][\/vc_column][vc_column width=&#8221;2\/3&#8243;][\/vc_column][\/vc_row][vc_row][vc_column width=&#8221;2\/3&#8243;][vc_empty_space height=&#8221;50&#8243;][vc_column_text] JOIN US! Marcelo Tostes Law Firm is present in strategic capitals of Brazil and operates throughout the national territory through our extense network of correspondents. If you are a lawyer who invests in your career, identified with a dynamic environment focused on results and are attentive to legal and technological&hellip;<\/p>\n","protected":false},"author":1,"featured_media":0,"parent":0,"menu_order":10,"comment_status":"closed","ping_status":"closed","template":"","meta":{"footnotes":""},"class_list":["post-2583","page","type-page","status-publish","hentry","description-off"],"yoast_head":"<!-- This site is optimized with the Yoast SEO plugin v23.7 - https:\/\/yoast.com\/wordpress\/plugins\/seo\/ -->\n<title>RESUMES - Marcelo Tostes Advogados<\/title>\n<meta name=\"robots\" content=\"index, follow, max-snippet:-1, max-image-preview:large, max-video-preview:-1\" \/>\n<link rel=\"canonical\" href=\"https:\/\/www.mtostes.com.br\/en\/resumes\/\" \/>\n<meta property=\"og:locale\" content=\"en_US\" \/>\n<meta property=\"og:type\" content=\"article\" \/>\n<meta property=\"og:title\" content=\"RESUMES - Marcelo Tostes Advogados\" \/>\n<meta property=\"og:description\" content=\"[vc_row][vc_column width=&#8221;1\/3&#8243;][\/vc_column][vc_column width=&#8221;2\/3&#8243;][\/vc_column][\/vc_row][vc_row][vc_column width=&#8221;2\/3&#8243;][vc_empty_space height=&#8221;50&#8243;][vc_column_text] JOIN US! Marcelo Tostes Law Firm is present in strategic capitals of Brazil and operates throughout the national territory through our extense network of correspondents. If you are a lawyer who invests in your career, identified with a dynamic environment focused on results and are attentive to legal and technological&hellip;\" \/>\n<meta property=\"og:url\" content=\"https:\/\/www.mtostes.com.br\/en\/resumes\/\" \/>\n<meta property=\"og:site_name\" content=\"Marcelo Tostes Advogados\" \/>\n<meta property=\"article:publisher\" content=\"https:\/\/www.facebook.com\/MTostesAdv\" \/>\n<meta property=\"article:modified_time\" content=\"2021-02-19T16:49:46+00:00\" \/>\n<meta name=\"twitter:card\" content=\"summary_large_image\" \/>\n<meta name=\"twitter:site\" content=\"@MTostes_ADV\" \/>\n<meta name=\"twitter:label1\" content=\"Est. reading time\" \/>\n\t<meta name=\"twitter:data1\" content=\"1 minute\" \/>\n<script type=\"application\/ld+json\" class=\"yoast-schema-graph\">{\"@context\":\"https:\/\/schema.org\",\"@graph\":[{\"@type\":\"WebPage\",\"@id\":\"https:\/\/www.mtostes.com.br\/en\/resumes\/\",\"url\":\"https:\/\/www.mtostes.com.br\/en\/resumes\/\",\"name\":\"RESUMES - Marcelo Tostes Advogados\",\"isPartOf\":{\"@id\":\"https:\/\/www.mtostes.com.br\/en\/#website\"},\"datePublished\":\"2019-06-14T22:17:39+00:00\",\"dateModified\":\"2021-02-19T16:49:46+00:00\",\"breadcrumb\":{\"@id\":\"https:\/\/www.mtostes.com.br\/en\/resumes\/#breadcrumb\"},\"inLanguage\":\"en-US\",\"potentialAction\":[{\"@type\":\"ReadAction\",\"target\":[\"https:\/\/www.mtostes.com.br\/en\/resumes\/\"]}]},{\"@type\":\"BreadcrumbList\",\"@id\":\"https:\/\/www.mtostes.com.br\/en\/resumes\/#breadcrumb\",\"itemListElement\":[{\"@type\":\"ListItem\",\"position\":1,\"name\":\"Home\",\"item\":\"https:\/\/www.mtostes.com.br\/en\/\"},{\"@type\":\"ListItem\",\"position\":2,\"name\":\"RESUMES\"}]},{\"@type\":\"WebSite\",\"@id\":\"https:\/\/www.mtostes.com.br\/en\/#website\",\"url\":\"https:\/\/www.mtostes.com.br\/en\/\",\"name\":\"Marcelo Tostes Advogados\",\"description\":\"Conectando Inova\u00e7\u00e3o e Intelig\u00eancia Jur\u00eddica\",\"potentialAction\":[{\"@type\":\"SearchAction\",\"target\":{\"@type\":\"EntryPoint\",\"urlTemplate\":\"https:\/\/www.mtostes.com.br\/en\/?s={search_term_string}\"},\"query-input\":{\"@type\":\"PropertyValueSpecification\",\"valueRequired\":true,\"valueName\":\"search_term_string\"}}],\"inLanguage\":\"en-US\"}]}<\/script>\n<!-- \/ Yoast SEO plugin. -->","yoast_head_json":{"title":"RESUMES - Marcelo Tostes Advogados","robots":{"index":"index","follow":"follow","max-snippet":"max-snippet:-1","max-image-preview":"max-image-preview:large","max-video-preview":"max-video-preview:-1"},"canonical":"https:\/\/www.mtostes.com.br\/en\/resumes\/","og_locale":"en_US","og_type":"article","og_title":"RESUMES - Marcelo Tostes Advogados","og_description":"[vc_row][vc_column width=&#8221;1\/3&#8243;][\/vc_column][vc_column width=&#8221;2\/3&#8243;][\/vc_column][\/vc_row][vc_row][vc_column width=&#8221;2\/3&#8243;][vc_empty_space height=&#8221;50&#8243;][vc_column_text] JOIN US! Marcelo Tostes Law Firm is present in strategic capitals of Brazil and operates throughout the national territory through our extense network of correspondents. If you are a lawyer who invests in your career, identified with a dynamic environment focused on results and are attentive to legal and technological&hellip;","og_url":"https:\/\/www.mtostes.com.br\/en\/resumes\/","og_site_name":"Marcelo Tostes Advogados","article_publisher":"https:\/\/www.facebook.com\/MTostesAdv","article_modified_time":"2021-02-19T16:49:46+00:00","twitter_card":"summary_large_image","twitter_site":"@MTostes_ADV","twitter_misc":{"Est. reading time":"1 minute"},"schema":{"@context":"https:\/\/schema.org","@graph":[{"@type":"WebPage","@id":"https:\/\/www.mtostes.com.br\/en\/resumes\/","url":"https:\/\/www.mtostes.com.br\/en\/resumes\/","name":"RESUMES - Marcelo Tostes Advogados","isPartOf":{"@id":"https:\/\/www.mtostes.com.br\/en\/#website"},"datePublished":"2019-06-14T22:17:39+00:00","dateModified":"2021-02-19T16:49:46+00:00","breadcrumb":{"@id":"https:\/\/www.mtostes.com.br\/en\/resumes\/#breadcrumb"},"inLanguage":"en-US","potentialAction":[{"@type":"ReadAction","target":["https:\/\/www.mtostes.com.br\/en\/resumes\/"]}]},{"@type":"BreadcrumbList","@id":"https:\/\/www.mtostes.com.br\/en\/resumes\/#breadcrumb","itemListElement":[{"@type":"ListItem","position":1,"name":"Home","item":"https:\/\/www.mtostes.com.br\/en\/"},{"@type":"ListItem","position":2,"name":"RESUMES"}]},{"@type":"WebSite","@id":"https:\/\/www.mtostes.com.br\/en\/#website","url":"https:\/\/www.mtostes.com.br\/en\/","name":"Marcelo Tostes Advogados","description":"Conectando Inova\u00e7\u00e3o e Intelig\u00eancia Jur\u00eddica","potentialAction":[{"@type":"SearchAction","target":{"@type":"EntryPoint","urlTemplate":"https:\/\/www.mtostes.com.br\/en\/?s={search_term_string}"},"query-input":{"@type":"PropertyValueSpecification","valueRequired":true,"valueName":"search_term_string"}}],"inLanguage":"en-US"}]}},"_links":{"self":[{"href":"https:\/\/www.mtostes.com.br\/en\/wp-json\/wp\/v2\/pages\/2583","targetHints":{"allow":["GET"]}}],"collection":[{"href":"https:\/\/www.mtostes.com.br\/en\/wp-json\/wp\/v2\/pages"}],"about":[{"href":"https:\/\/www.mtostes.com.br\/en\/wp-json\/wp\/v2\/types\/page"}],"author":[{"embeddable":true,"href":"https:\/\/www.mtostes.com.br\/en\/wp-json\/wp\/v2\/users\/1"}],"replies":[{"embeddable":true,"href":"https:\/\/www.mtostes.com.br\/en\/wp-json\/wp\/v2\/comments?post=2583"}],"version-history":[{"count":8,"href":"https:\/\/www.mtostes.com.br\/en\/wp-json\/wp\/v2\/pages\/2583\/revisions"}],"predecessor-version":[{"id":4322,"href":"https:\/\/www.mtostes.com.br\/en\/wp-json\/wp\/v2\/pages\/2583\/revisions\/4322"}],"wp:attachment":[{"href":"https:\/\/www.mtostes.com.br\/en\/wp-json\/wp\/v2\/media?parent=2583"}],"curies":[{"name":"wp","href":"https:\/\/api.w.org\/{rel}","templated":true}]}}