{"id":2590,"date":"2019-06-16T13:38:43","date_gmt":"2019-06-16T16:38:43","guid":{"rendered":"http:\/\/www.mtostes.com.br\/why-marcelo-tostes-law-firm\/"},"modified":"2019-06-24T14:41:29","modified_gmt":"2019-06-24T17:41:29","slug":"why-marcelo-tostes-law-firm","status":"publish","type":"page","link":"https:\/\/www.mtostes.com.br\/en\/why-marcelo-tostes-law-firm\/","title":{"rendered":"WHY MARCELO TOSTES LAW FIRM?"},"content":{"rendered":"<div class=\"wpb-content-wrapper\"><p>[vc_row][vc_column width=&#8221;1\/3&#8243;]<div id=\"ultimate-heading-168069f67925536e8\" class=\"uvc-heading ult-adjust-bottom-margin ultimate-heading-168069f67925536e8 uvc-9761 \" data-hspacer=\"line_only\"  data-halign=\"left\" style=\"text-align:left\"><div class=\"uvc-main-heading ult-responsive\"  data-ultimate-target='.uvc-heading.ultimate-heading-168069f67925536e8 h2'  data-responsive-json-new='{\"font-size\":\"desktop:28px;\",\"line-height\":\"desktop:34px;\"}' ><h2 style=\"font-weight:bold;color:#333333;margin-bottom:20px;\">WHY MARCELO TOSTES LAW FIRM?<\/h2><\/div><div class=\"uvc-heading-spacer line_only\" style=\"topheight:1px;\"><span class=\"uvc-headings-line\" style=\"border-style:solid;border-bottom-width:1px;border-color:#33a93c;width:150px;\"><\/span><\/div><\/div>[\/vc_column][vc_column width=&#8221;2\/3&#8243;][\/vc_column][\/vc_row][vc_row type=&#8221;vc_default&#8221;][vc_column offset=&#8221;vc_col-lg-12 vc_col-md-12 vc_col-xs-12&#8243;][vc_row_inner css=&#8221;.vc_custom_1555161469622{margin-top: 80px !important;}&#8221;][vc_column_inner width=&#8221;1\/2&#8243;][vc_empty_space height=&#8221;50px&#8221;][vc_column_text]<\/p>\n<div style=\"width: 1200px;\" class=\"wp-video\"><!--[if lt IE 9]><script>document.createElement('video');<\/script><![endif]-->\n<video class=\"wp-video-shortcode\" id=\"video-2590-1\" width=\"1200\" height=\"675\" poster=\"\/wp-content\/uploads\/2019\/05\/Marcelo-Tostes-Advogados-video-institucional-2019.jpg\" preload=\"metadata\" controls=\"controls\"><source type=\"video\/mp4\" src=\"\/wp-content\/uploads\/2019\/05\/Marcelo-Tostes-Advogados-Institucional.mp4?_=1\" \/><a href=\"\/wp-content\/uploads\/2019\/05\/Marcelo-Tostes-Advogados-Institucional.mp4\">\/wp-content\/uploads\/2019\/05\/Marcelo-Tostes-Advogados-Institucional.mp4<\/a><\/video><\/div>\n<p>[\/vc_column_text][vc_empty_space height=&#8221;20&#8243;][vc_btn title=&#8221;Access our institutional presentation&#8221; style=&#8221;custom&#8221; custom_background=&#8221;#33a93c&#8221; custom_text=&#8221;#ffffff&#8221; shape=&#8221;square&#8221; size=&#8221;sm&#8221; align=&#8221;center&#8221; i_icon_fontawesome=&#8221;fa fa-download&#8221; css_animation=&#8221;fadeInDown&#8221; button_block=&#8221;true&#8221; add_icon=&#8221;true&#8221; link=&#8221;url:http%3A%2F%2Fwww.mtostes.com.br%2Fnovo2019%2Fwp-content%2Fuploads%2F2019%2F05%2FMTA-v%C3%ADdeo-nova-marca.mp4|target:%20_blank|&#8221;][\/vc_column_inner][vc_column_inner width=&#8221;1\/2&#8243;][vc_column_text]<\/p>\n<h5>We have built a law firm committed to innovation and technology, taking firm ethical principles, top-notch professional skills, and strong client relationships as beacons of our history over the past two decades.<\/h5>\n<h6>Reputed to be one of Brazil\u2019s foremost law firms \u2013 with more than 500 employees \u2013, we have been working hard to remove barriers and strengthen the connection between Law and Technology. Our professionals are specialized in and prepared to provide global legal assistance. We make use of our integrated multidisciplinary network to provide customized services to our clients and solve their problems with agility and responsibility.<\/h6>\n<h6>We operate in different fields of Law and rely on segmentation and customized service to offer our clients top-level legal representation. Focusing on corporate law and innovative businesses, we seek constant expertise with a multidisciplinary, integrated team, which has made us a benchmark in the sector.<\/h6>\n<p>[\/vc_column_text][\/vc_column_inner][\/vc_row_inner]<div id=\"ultimate-heading-101269f6792553806\" class=\"uvc-heading ult-adjust-bottom-margin ultimate-heading-101269f6792553806 uvc-636 \" data-hspacer=\"line_only\"  data-halign=\"left\" style=\"text-align:left\"><div class=\"uvc-main-heading ult-responsive\"  data-ultimate-target='.uvc-heading.ultimate-heading-101269f6792553806 h4'  data-responsive-json-new='{\"font-size\":\"desktop:18px;\",\"line-height\":\"desktop:34px;\"}' ><h4 style=\"font-weight:bold;margin-top:50px;margin-bottom:20px;\">WHAT MAKES MARCELO TOSTES LAW FIRM AN INNOVATIVE PLAYER?<\/h4><\/div><div class=\"uvc-heading-spacer line_only\" style=\"topheight:1px;\"><span class=\"uvc-headings-line\" style=\"border-style:solid;border-bottom-width:1px;border-color:#33a93c;width:150px;\"><\/span><\/div><\/div>[vc_row_inner css=&#8221;.vc_custom_1517253016099{padding-top: 22px !important;}&#8221;][vc_column_inner width=&#8221;1\/2&#8243;]<div class=\"standard-arrow bullet-top\"><ul>\n<li>\n<h6>Rethinking ways for customer growth<\/h6>\n<\/li>\n<li>\n<h6>Internal technological development<\/h6>\n<\/li>\n<li>\n<h6>Information security<\/h6>\n<\/li>\n<li>\n<h6>Multidisciplinary professionals<\/h6>\n<\/li>\n<li>\n<h6>Lawtechs, Startups, and Proprietary Software<\/h6>\n<\/li>\n<li>\n<h6>Welcoming environment \u2013 Diversity<\/h6>\n<\/li>\n<\/ul>\n<\/div>[\/vc_column_inner][vc_column_inner width=&#8221;1\/2&#8243;]<div class=\"standard-arrow bullet-top\"><ul>\n<li>\n<h6>Local and international coverage<\/h6>\n<\/li>\n<li>\n<h6>Customized high-performance metrics and indicators<\/h6>\n<\/li>\n<li>\n<h6>A benchmark in the provision of legal services<\/h6>\n<\/li>\n<li>\n<h6>Training of new talents, qualification, and personal development<\/h6>\n<\/li>\n<li>\n<h6>Full-range services<\/h6>\n<\/li>\n<\/ul>\n<\/div>[\/vc_column_inner][\/vc_row_inner][\/vc_column][\/vc_row]<\/p>\n<\/div>","protected":false},"excerpt":{"rendered":"<p>[vc_row][vc_column width=&#8221;1\/3&#8243;][\/vc_column][vc_column width=&#8221;2\/3&#8243;][\/vc_column][\/vc_row][vc_row type=&#8221;vc_default&#8221;][vc_column offset=&#8221;vc_col-lg-12 vc_col-md-12 vc_col-xs-12&#8243;][vc_row_inner css=&#8221;.vc_custom_1555161469622{margin-top: 80px !important;}&#8221;][vc_column_inner width=&#8221;1\/2&#8243;][vc_empty_space height=&#8221;50px&#8221;][vc_column_text] [\/vc_column_text][vc_empty_space height=&#8221;20&#8243;][vc_btn title=&#8221;Access our institutional presentation&#8221; style=&#8221;custom&#8221; custom_background=&#8221;#33a93c&#8221; custom_text=&#8221;#ffffff&#8221; shape=&#8221;square&#8221; size=&#8221;sm&#8221; align=&#8221;center&#8221; i_icon_fontawesome=&#8221;fa fa-download&#8221; css_animation=&#8221;fadeInDown&#8221; button_block=&#8221;true&#8221; add_icon=&#8221;true&#8221; link=&#8221;url:http%3A%2F%2Fwww.mtostes.com.br%2Fnovo2019%2Fwp-content%2Fuploads%2F2019%2F05%2FMTA-v%C3%ADdeo-nova-marca.mp4|target:%20_blank|&#8221;][\/vc_column_inner][vc_column_inner width=&#8221;1\/2&#8243;][vc_column_text] We have built a law firm committed to innovation and technology, taking firm ethical principles, top-notch professional skills, and strong client relationships as beacons&hellip;<\/p>\n","protected":false},"author":1,"featured_media":0,"parent":0,"menu_order":10,"comment_status":"closed","ping_status":"closed","template":"","meta":{"footnotes":""},"class_list":["post-2590","page","type-page","status-publish","hentry","description-off"],"yoast_head":"<!-- This site is optimized with the Yoast SEO plugin v23.7 - https:\/\/yoast.com\/wordpress\/plugins\/seo\/ -->\n<title>WHY MARCELO TOSTES LAW FIRM? - Marcelo Tostes Advogados<\/title>\n<meta name=\"robots\" content=\"index, follow, max-snippet:-1, max-image-preview:large, max-video-preview:-1\" \/>\n<link rel=\"canonical\" href=\"https:\/\/www.mtostes.com.br\/en\/why-marcelo-tostes-law-firm\/\" \/>\n<meta property=\"og:locale\" content=\"en_US\" \/>\n<meta property=\"og:type\" content=\"article\" \/>\n<meta property=\"og:title\" content=\"WHY MARCELO TOSTES LAW FIRM? - Marcelo Tostes Advogados\" \/>\n<meta property=\"og:description\" content=\"[vc_row][vc_column width=&#8221;1\/3&#8243;][\/vc_column][vc_column width=&#8221;2\/3&#8243;][\/vc_column][\/vc_row][vc_row type=&#8221;vc_default&#8221;][vc_column offset=&#8221;vc_col-lg-12 vc_col-md-12 vc_col-xs-12&#8243;][vc_row_inner css=&#8221;.vc_custom_1555161469622{margin-top: 80px !important;}&#8221;][vc_column_inner width=&#8221;1\/2&#8243;][vc_empty_space height=&#8221;50px&#8221;][vc_column_text] [\/vc_column_text][vc_empty_space height=&#8221;20&#8243;][vc_btn title=&#8221;Access our institutional presentation&#8221; style=&#8221;custom&#8221; custom_background=&#8221;#33a93c&#8221; custom_text=&#8221;#ffffff&#8221; shape=&#8221;square&#8221; size=&#8221;sm&#8221; align=&#8221;center&#8221; i_icon_fontawesome=&#8221;fa fa-download&#8221; css_animation=&#8221;fadeInDown&#8221; button_block=&#8221;true&#8221; add_icon=&#8221;true&#8221; link=&#8221;url:http%3A%2F%2Fwww.mtostes.com.br%2Fnovo2019%2Fwp-content%2Fuploads%2F2019%2F05%2FMTA-v%C3%ADdeo-nova-marca.mp4|target:%20_blank|&#8221;][\/vc_column_inner][vc_column_inner width=&#8221;1\/2&#8243;][vc_column_text] We have built a law firm committed to innovation and technology, taking firm ethical principles, top-notch professional skills, and strong client relationships as beacons&hellip;\" \/>\n<meta property=\"og:url\" content=\"https:\/\/www.mtostes.com.br\/en\/why-marcelo-tostes-law-firm\/\" \/>\n<meta property=\"og:site_name\" content=\"Marcelo Tostes Advogados\" \/>\n<meta property=\"article:publisher\" content=\"https:\/\/www.facebook.com\/MTostesAdv\" \/>\n<meta property=\"article:modified_time\" content=\"2019-06-24T17:41:29+00:00\" \/>\n<meta name=\"twitter:card\" content=\"summary_large_image\" \/>\n<meta name=\"twitter:site\" content=\"@MTostes_ADV\" \/>\n<meta name=\"twitter:label1\" content=\"Est. reading time\" \/>\n\t<meta name=\"twitter:data1\" content=\"3 minutes\" \/>\n<script type=\"application\/ld+json\" class=\"yoast-schema-graph\">{\"@context\":\"https:\/\/schema.org\",\"@graph\":[{\"@type\":\"WebPage\",\"@id\":\"https:\/\/www.mtostes.com.br\/en\/why-marcelo-tostes-law-firm\/\",\"url\":\"https:\/\/www.mtostes.com.br\/en\/why-marcelo-tostes-law-firm\/\",\"name\":\"WHY MARCELO TOSTES LAW FIRM? - Marcelo Tostes Advogados\",\"isPartOf\":{\"@id\":\"https:\/\/www.mtostes.com.br\/en\/#website\"},\"datePublished\":\"2019-06-16T16:38:43+00:00\",\"dateModified\":\"2019-06-24T17:41:29+00:00\",\"breadcrumb\":{\"@id\":\"https:\/\/www.mtostes.com.br\/en\/why-marcelo-tostes-law-firm\/#breadcrumb\"},\"inLanguage\":\"en-US\",\"potentialAction\":[{\"@type\":\"ReadAction\",\"target\":[\"https:\/\/www.mtostes.com.br\/en\/why-marcelo-tostes-law-firm\/\"]}]},{\"@type\":\"BreadcrumbList\",\"@id\":\"https:\/\/www.mtostes.com.br\/en\/why-marcelo-tostes-law-firm\/#breadcrumb\",\"itemListElement\":[{\"@type\":\"ListItem\",\"position\":1,\"name\":\"Home\",\"item\":\"https:\/\/www.mtostes.com.br\/en\/\"},{\"@type\":\"ListItem\",\"position\":2,\"name\":\"WHY MARCELO TOSTES LAW FIRM?\"}]},{\"@type\":\"WebSite\",\"@id\":\"https:\/\/www.mtostes.com.br\/en\/#website\",\"url\":\"https:\/\/www.mtostes.com.br\/en\/\",\"name\":\"Marcelo Tostes Advogados\",\"description\":\"Conectando Inova\u00e7\u00e3o e Intelig\u00eancia Jur\u00eddica\",\"potentialAction\":[{\"@type\":\"SearchAction\",\"target\":{\"@type\":\"EntryPoint\",\"urlTemplate\":\"https:\/\/www.mtostes.com.br\/en\/?s={search_term_string}\"},\"query-input\":{\"@type\":\"PropertyValueSpecification\",\"valueRequired\":true,\"valueName\":\"search_term_string\"}}],\"inLanguage\":\"en-US\"}]}<\/script>\n<!-- \/ Yoast SEO plugin. -->","yoast_head_json":{"title":"WHY MARCELO TOSTES LAW FIRM? - Marcelo Tostes Advogados","robots":{"index":"index","follow":"follow","max-snippet":"max-snippet:-1","max-image-preview":"max-image-preview:large","max-video-preview":"max-video-preview:-1"},"canonical":"https:\/\/www.mtostes.com.br\/en\/why-marcelo-tostes-law-firm\/","og_locale":"en_US","og_type":"article","og_title":"WHY MARCELO TOSTES LAW FIRM? - Marcelo Tostes Advogados","og_description":"[vc_row][vc_column width=&#8221;1\/3&#8243;][\/vc_column][vc_column width=&#8221;2\/3&#8243;][\/vc_column][\/vc_row][vc_row type=&#8221;vc_default&#8221;][vc_column offset=&#8221;vc_col-lg-12 vc_col-md-12 vc_col-xs-12&#8243;][vc_row_inner css=&#8221;.vc_custom_1555161469622{margin-top: 80px !important;}&#8221;][vc_column_inner width=&#8221;1\/2&#8243;][vc_empty_space height=&#8221;50px&#8221;][vc_column_text] [\/vc_column_text][vc_empty_space height=&#8221;20&#8243;][vc_btn title=&#8221;Access our institutional presentation&#8221; style=&#8221;custom&#8221; custom_background=&#8221;#33a93c&#8221; custom_text=&#8221;#ffffff&#8221; shape=&#8221;square&#8221; size=&#8221;sm&#8221; align=&#8221;center&#8221; i_icon_fontawesome=&#8221;fa fa-download&#8221; css_animation=&#8221;fadeInDown&#8221; button_block=&#8221;true&#8221; add_icon=&#8221;true&#8221; link=&#8221;url:http%3A%2F%2Fwww.mtostes.com.br%2Fnovo2019%2Fwp-content%2Fuploads%2F2019%2F05%2FMTA-v%C3%ADdeo-nova-marca.mp4|target:%20_blank|&#8221;][\/vc_column_inner][vc_column_inner width=&#8221;1\/2&#8243;][vc_column_text] We have built a law firm committed to innovation and technology, taking firm ethical principles, top-notch professional skills, and strong client relationships as beacons&hellip;","og_url":"https:\/\/www.mtostes.com.br\/en\/why-marcelo-tostes-law-firm\/","og_site_name":"Marcelo Tostes Advogados","article_publisher":"https:\/\/www.facebook.com\/MTostesAdv","article_modified_time":"2019-06-24T17:41:29+00:00","twitter_card":"summary_large_image","twitter_site":"@MTostes_ADV","twitter_misc":{"Est. reading time":"3 minutes"},"schema":{"@context":"https:\/\/schema.org","@graph":[{"@type":"WebPage","@id":"https:\/\/www.mtostes.com.br\/en\/why-marcelo-tostes-law-firm\/","url":"https:\/\/www.mtostes.com.br\/en\/why-marcelo-tostes-law-firm\/","name":"WHY MARCELO TOSTES LAW FIRM? - Marcelo Tostes Advogados","isPartOf":{"@id":"https:\/\/www.mtostes.com.br\/en\/#website"},"datePublished":"2019-06-16T16:38:43+00:00","dateModified":"2019-06-24T17:41:29+00:00","breadcrumb":{"@id":"https:\/\/www.mtostes.com.br\/en\/why-marcelo-tostes-law-firm\/#breadcrumb"},"inLanguage":"en-US","potentialAction":[{"@type":"ReadAction","target":["https:\/\/www.mtostes.com.br\/en\/why-marcelo-tostes-law-firm\/"]}]},{"@type":"BreadcrumbList","@id":"https:\/\/www.mtostes.com.br\/en\/why-marcelo-tostes-law-firm\/#breadcrumb","itemListElement":[{"@type":"ListItem","position":1,"name":"Home","item":"https:\/\/www.mtostes.com.br\/en\/"},{"@type":"ListItem","position":2,"name":"WHY MARCELO TOSTES LAW FIRM?"}]},{"@type":"WebSite","@id":"https:\/\/www.mtostes.com.br\/en\/#website","url":"https:\/\/www.mtostes.com.br\/en\/","name":"Marcelo Tostes Advogados","description":"Conectando Inova\u00e7\u00e3o e Intelig\u00eancia Jur\u00eddica","potentialAction":[{"@type":"SearchAction","target":{"@type":"EntryPoint","urlTemplate":"https:\/\/www.mtostes.com.br\/en\/?s={search_term_string}"},"query-input":{"@type":"PropertyValueSpecification","valueRequired":true,"valueName":"search_term_string"}}],"inLanguage":"en-US"}]}},"_links":{"self":[{"href":"https:\/\/www.mtostes.com.br\/en\/wp-json\/wp\/v2\/pages\/2590","targetHints":{"allow":["GET"]}}],"collection":[{"href":"https:\/\/www.mtostes.com.br\/en\/wp-json\/wp\/v2\/pages"}],"about":[{"href":"https:\/\/www.mtostes.com.br\/en\/wp-json\/wp\/v2\/types\/page"}],"author":[{"embeddable":true,"href":"https:\/\/www.mtostes.com.br\/en\/wp-json\/wp\/v2\/users\/1"}],"replies":[{"embeddable":true,"href":"https:\/\/www.mtostes.com.br\/en\/wp-json\/wp\/v2\/comments?post=2590"}],"version-history":[{"count":4,"href":"https:\/\/www.mtostes.com.br\/en\/wp-json\/wp\/v2\/pages\/2590\/revisions"}],"predecessor-version":[{"id":2902,"href":"https:\/\/www.mtostes.com.br\/en\/wp-json\/wp\/v2\/pages\/2590\/revisions\/2902"}],"wp:attachment":[{"href":"https:\/\/www.mtostes.com.br\/en\/wp-json\/wp\/v2\/media?parent=2590"}],"curies":[{"name":"wp","href":"https:\/\/api.w.org\/{rel}","templated":true}]}}