{"id":7349,"date":"2023-06-07T11:01:11","date_gmt":"2023-06-07T14:01:11","guid":{"rendered":"https:\/\/www.mtostes.com.br\/canada-desk\/"},"modified":"2023-06-07T11:01:12","modified_gmt":"2023-06-07T14:01:12","slug":"canada-desk","status":"publish","type":"page","link":"https:\/\/www.mtostes.com.br\/en\/canada-desk\/","title":{"rendered":"Canada Desk"},"content":{"rendered":"<div class=\"wpb-content-wrapper\"><p>[vc_row css=&#8221;.vc_custom_1683636234891{margin-bottom: 60px !important;}&#8221;][vc_column width=&#8221;1\/3&#8243;]<div id=\"ultimate-heading-124069d7955eb9ae8\" class=\"uvc-heading ult-adjust-bottom-margin ultimate-heading-124069d7955eb9ae8 uvc-8677 \" data-hspacer=\"line_only\"  data-halign=\"left\" style=\"text-align:left\"><div class=\"uvc-main-heading ult-responsive\"  data-ultimate-target='.uvc-heading.ultimate-heading-124069d7955eb9ae8 h2'  data-responsive-json-new='{\"font-size\":\"desktop:28px;\",\"line-height\":\"desktop:34px;\"}' ><h2 style=\"font-weight:bold;color:#333333;margin-bottom:20px;\">CANADA DESK<\/h2><\/div><div class=\"uvc-heading-spacer line_only\" style=\"topheight:1px;\"><span class=\"uvc-headings-line\" style=\"border-style:solid;border-bottom-width:1px;border-color:#33a93c;width:150px;\"><\/span><\/div><\/div>[\/vc_column][vc_column width=&#8221;2\/3&#8243;][\/vc_column][\/vc_row][vc_row type=&#8221;vc_default&#8221;][vc_column width=&#8221;1\/4&#8243; offset=&#8221;vc_col-lg-12 vc_col-md-12 vc_col-xs-12&#8243;][vc_empty_space height=&#8221;20&#8243;][\/vc_column][\/vc_row][vc_row][vc_column][vc_column_text]<span style=\"font-weight: 400;\">As businesses become more complex, companies must transform to meet new challenges. Our <strong>Canada Desk MTA<\/strong> can provide high quality services, sharing knowledge and information to meet the specific needs of our clients, organizations, and individuals regarding aspects of tax strategy, deals, M&amp;A, planning and compliance, and we offer a wide range of of business consulting services.<\/span><\/p>\n<p><span style=\"font-weight: 400;\">We have bilingual professionals with extensive technical experience, understanding the unique circumstances and needs of Canadian companies or joint ventures operating in Brazil, as well as Brazilian companies investing in Canada.<\/span><\/p>\n<p><span style=\"font-weight: 400;\">Brazil has natural resources that represent attractive investment opportunities in the areas of oil and gas, mining and agribusiness, a broad consumer market with prospects for expansion and a diversified industry, which makes the country a lucrative commercial market with enormous potential. for Canadian and North American companies and a sure destination for investments.<\/span><\/p>\n<p><span style=\"font-weight: 400;\">The <strong>Canada Desk MTA<\/strong> provides advice both to Canadian and US companies with commercial interests in Brazil and to Brazilian companies that want to invest in Canada and the region. We support our clients in solving increasingly complex issues, such as financial reporting, business expansion, investments, taxes, deals, human resources management, supply chain, sustainability, and risk management, offering a group of professionals dedicated to creating a solid bridge between the two markets.<\/span><br \/>\n[\/vc_column_text][vc_empty_space][vc_column_text]<\/p>\n<h4>Contacts:<\/h4>\n<hr \/>\n<p>[\/vc_column_text][\/vc_column][\/vc_row][vc_row full_width=&#8221;stretch_row&#8221; content_placement=&#8221;middle&#8221; bg_type=&#8221;bg_color&#8221; bg_color_value=&#8221;#2c3338&#8243; css=&#8221;.vc_custom_1683639242016{margin-top: 50px !important;padding-top: 60px !important;padding-bottom: 60px !important;}&#8221;][vc_column width=&#8221;1\/2&#8243;][vc_row_inner][vc_column_inner width=&#8221;1\/3&#8243;][vc_single_image image=&#8221;5589&#8243; img_size=&#8221;medium&#8221;][\/vc_column_inner][vc_column_inner width=&#8221;2\/3&#8243;][vc_column_text]<\/p>\n<h6><span style=\"color: #ffffff;\">Fernando Drumond<\/span><\/h6>\n<p>[\/vc_column_text][vc_empty_space height=&#8221;10&#8243;]<div class=\"uavc-list-icon uavc-list-icon-wrapper ult-adjust-bottom-margin   \"><ul class=\"uavc-list\"><li><div class=\"uavc-list-content\" id=\"list-icon-wrap-6499\">\n<div class=\"uavc-list-icon  \" data-animation=\"\" data-animation-delay=\"03\" style=\"margin-right:10px;\"><div class=\"ult-just-icon-wrapper  \"><div class=\"align-icon\" style=\"text-align:center;\">\n<div class=\"aio-icon none \"  style=\"color:#33a93c;font-size:18px;display:inline-block;\">\n\t<i class=\"Defaults-phone-square\"><\/i>\n<\/div><\/div><\/div>\n<\/div><span  data-ultimate-target='#list-icon-wrap-6499 .uavc-list-desc'  data-responsive-json-new='{\"font-size\":\"\",\"line-height\":\"\"}'  class=\"uavc-list-desc ult-responsive\" style=\"\"><span style=\"color: #ffffff;\">+55 31 2538-7550<\/span><br \/>\n<span style=\"color: #ffffff;\">31 4501-4100<\/span><\/span><\/div><\/li><li><div class=\"uavc-list-content\" id=\"list-icon-wrap-9549\">\n<div class=\"uavc-list-icon  \" data-animation=\"\" data-animation-delay=\"03\" style=\"margin-right:10px;\"><div class=\"ult-just-icon-wrapper  \"><div class=\"align-icon\" style=\"text-align:center;\">\n<div class=\"aio-icon none \"  style=\"color:#33a93c;font-size:18px;display:inline-block;\">\n\t<i class=\"icomoon-the7-font-the7-mail-01\"><\/i>\n<\/div><\/div><\/div>\n<\/div><span  data-ultimate-target='#list-icon-wrap-9549 .uavc-list-desc'  data-responsive-json-new='{\"font-size\":\"\",\"line-height\":\"\"}'  class=\"uavc-list-desc ult-responsive\" style=\"\"><a href=\"mailto:contato@mtostes.com.br\">contato@mtostes.com.br<\/a><\/span><\/div><\/li><li><div class=\"uavc-list-content\" id=\"list-icon-wrap-1199\">\n<div class=\"uavc-list-icon  \" data-animation=\"\" data-animation-delay=\"03\" style=\"margin-right:10px;\"><div class=\"ult-just-icon-wrapper  \"><div class=\"align-icon\" style=\"text-align:center;\">\n<div class=\"aio-icon none \"  style=\"color:#33a93c;font-size:18px;display:inline-block;\">\n\t<i class=\"Defaults-linkedin-square\"><\/i>\n<\/div><\/div><\/div>\n<\/div><span  data-ultimate-target='#list-icon-wrap-1199 .uavc-list-desc'  data-responsive-json-new='{\"font-size\":\"\",\"line-height\":\"\"}'  class=\"uavc-list-desc ult-responsive\" style=\"\"><a href=\"https:\/\/www.linkedin.com\/in\/fernando-drummond-113427b7\/\" target=\"_blank\" rel=\"noopener\">More<\/a><\/span><\/div><\/li><\/ul><\/div>[\/vc_column_inner][\/vc_row_inner][\/vc_column][vc_column width=&#8221;1\/2&#8243;][vc_row_inner][vc_column_inner width=&#8221;1\/3&#8243;][vc_single_image image=&#8221;5469&#8243; img_size=&#8221;medium&#8221;][\/vc_column_inner][vc_column_inner width=&#8221;2\/3&#8243;][vc_column_text]<\/p>\n<h6><span style=\"color: #ffffff;\">Camila Morais Leite<\/span><\/h6>\n<p>[\/vc_column_text][vc_empty_space height=&#8221;10&#8243;]<div class=\"uavc-list-icon uavc-list-icon-wrapper ult-adjust-bottom-margin   \"><ul class=\"uavc-list\"><li><div class=\"uavc-list-content\" id=\"list-icon-wrap-8710\">\n<div class=\"uavc-list-icon  \" data-animation=\"\" data-animation-delay=\"03\" style=\"margin-right:10px;\"><div class=\"ult-just-icon-wrapper  \"><div class=\"align-icon\" style=\"text-align:center;\">\n<div class=\"aio-icon none \"  style=\"color:#33a93c;font-size:18px;display:inline-block;\">\n\t<i class=\"Defaults-phone-square\"><\/i>\n<\/div><\/div><\/div>\n<\/div><span  data-ultimate-target='#list-icon-wrap-8710 .uavc-list-desc'  data-responsive-json-new='{\"font-size\":\"\",\"line-height\":\"\"}'  class=\"uavc-list-desc ult-responsive\" style=\"\"><span style=\"color: #ffffff;\">+55 31 2538-7550<\/span><br \/>\n<span style=\"color: #ffffff;\">31 4501-4100<\/span><\/span><\/div><\/li><li><div class=\"uavc-list-content\" id=\"list-icon-wrap-3049\">\n<div class=\"uavc-list-icon  \" data-animation=\"\" data-animation-delay=\"03\" style=\"margin-right:10px;\"><div class=\"ult-just-icon-wrapper  \"><div class=\"align-icon\" style=\"text-align:center;\">\n<div class=\"aio-icon none \"  style=\"color:#33a93c;font-size:18px;display:inline-block;\">\n\t<i class=\"icomoon-the7-font-the7-mail-01\"><\/i>\n<\/div><\/div><\/div>\n<\/div><span  data-ultimate-target='#list-icon-wrap-3049 .uavc-list-desc'  data-responsive-json-new='{\"font-size\":\"\",\"line-height\":\"\"}'  class=\"uavc-list-desc ult-responsive\" style=\"\"><a href=\"mailto:camila.morais@mtostes.com.br\" target=\"_blank\" rel=\"noopener\">camila.morais@mtostes.com.br<\/a><\/span><\/div><\/li><li><div class=\"uavc-list-content\" id=\"list-icon-wrap-8019\">\n<div class=\"uavc-list-icon  \" data-animation=\"\" data-animation-delay=\"03\" style=\"margin-right:10px;\"><div class=\"ult-just-icon-wrapper  \"><div class=\"align-icon\" style=\"text-align:center;\">\n<div class=\"aio-icon none \"  style=\"color:#33a93c;font-size:18px;display:inline-block;\">\n\t<i class=\"Defaults-linkedin-square\"><\/i>\n<\/div><\/div><\/div>\n<\/div><span  data-ultimate-target='#list-icon-wrap-8019 .uavc-list-desc'  data-responsive-json-new='{\"font-size\":\"\",\"line-height\":\"\"}'  class=\"uavc-list-desc ult-responsive\" style=\"\"><a href=\"https:\/\/www.linkedin.com\/in\/camila-morais-leite-09554b13\/\" target=\"_blank\" rel=\"noopener\">More<\/a><\/span><\/div><\/li><\/ul><\/div>[\/vc_column_inner][\/vc_row_inner][\/vc_column][\/vc_row]<\/p>\n<\/div>","protected":false},"excerpt":{"rendered":"<p>[vc_row css=&#8221;.vc_custom_1683636234891{margin-bottom: 60px !important;}&#8221;][vc_column width=&#8221;1\/3&#8243;][\/vc_column][vc_column width=&#8221;2\/3&#8243;][\/vc_column][\/vc_row][vc_row type=&#8221;vc_default&#8221;][vc_column width=&#8221;1\/4&#8243; offset=&#8221;vc_col-lg-12 vc_col-md-12 vc_col-xs-12&#8243;][vc_empty_space height=&#8221;20&#8243;][\/vc_column][\/vc_row][vc_row][vc_column][vc_column_text]As businesses become more complex, companies must transform to meet new challenges. Our Canada Desk MTA can provide high quality services, sharing knowledge and information to meet the specific needs of our clients, organizations, and individuals regarding aspects of tax strategy, deals, M&amp;A, planning&hellip;<\/p>\n","protected":false},"author":1,"featured_media":0,"parent":0,"menu_order":10,"comment_status":"closed","ping_status":"closed","template":"","meta":{"footnotes":""},"class_list":["post-7349","page","type-page","status-publish","hentry","description-off"],"yoast_head":"<!-- This site is optimized with the Yoast SEO plugin v23.7 - https:\/\/yoast.com\/wordpress\/plugins\/seo\/ -->\n<title>-<\/title>\n<meta name=\"description\" content=\"-\" \/>\n<meta name=\"robots\" content=\"index, follow, max-snippet:-1, max-image-preview:large, max-video-preview:-1\" \/>\n<link rel=\"canonical\" href=\"https:\/\/www.mtostes.com.br\/en\/canada-desk\/\" \/>\n<meta property=\"og:locale\" content=\"en_US\" \/>\n<meta property=\"og:type\" content=\"article\" \/>\n<meta property=\"og:title\" content=\"-\" \/>\n<meta property=\"og:description\" content=\"-\" \/>\n<meta property=\"og:url\" content=\"https:\/\/www.mtostes.com.br\/en\/canada-desk\/\" \/>\n<meta property=\"og:site_name\" content=\"Marcelo Tostes Advogados\" \/>\n<meta property=\"article:publisher\" content=\"https:\/\/www.facebook.com\/MTostesAdv\" \/>\n<meta property=\"article:modified_time\" content=\"2023-06-07T14:01:12+00:00\" \/>\n<meta name=\"twitter:card\" content=\"summary_large_image\" \/>\n<meta name=\"twitter:site\" content=\"@MTostes_ADV\" \/>\n<meta name=\"twitter:label1\" content=\"Est. reading time\" \/>\n\t<meta name=\"twitter:data1\" content=\"3 minutes\" \/>\n<script type=\"application\/ld+json\" class=\"yoast-schema-graph\">{\"@context\":\"https:\/\/schema.org\",\"@graph\":[{\"@type\":\"WebPage\",\"@id\":\"https:\/\/www.mtostes.com.br\/en\/canada-desk\/\",\"url\":\"https:\/\/www.mtostes.com.br\/en\/canada-desk\/\",\"name\":\"-\",\"isPartOf\":{\"@id\":\"https:\/\/www.mtostes.com.br\/en\/#website\"},\"datePublished\":\"2023-06-07T14:01:11+00:00\",\"dateModified\":\"2023-06-07T14:01:12+00:00\",\"description\":\"-\",\"breadcrumb\":{\"@id\":\"https:\/\/www.mtostes.com.br\/en\/canada-desk\/#breadcrumb\"},\"inLanguage\":\"en-US\",\"potentialAction\":[{\"@type\":\"ReadAction\",\"target\":[\"https:\/\/www.mtostes.com.br\/en\/canada-desk\/\"]}]},{\"@type\":\"BreadcrumbList\",\"@id\":\"https:\/\/www.mtostes.com.br\/en\/canada-desk\/#breadcrumb\",\"itemListElement\":[{\"@type\":\"ListItem\",\"position\":1,\"name\":\"Home\",\"item\":\"https:\/\/www.mtostes.com.br\/en\/\"},{\"@type\":\"ListItem\",\"position\":2,\"name\":\"Canada Desk\"}]},{\"@type\":\"WebSite\",\"@id\":\"https:\/\/www.mtostes.com.br\/en\/#website\",\"url\":\"https:\/\/www.mtostes.com.br\/en\/\",\"name\":\"Marcelo Tostes Advogados\",\"description\":\"Conectando Inova\u00e7\u00e3o e Intelig\u00eancia Jur\u00eddica\",\"potentialAction\":[{\"@type\":\"SearchAction\",\"target\":{\"@type\":\"EntryPoint\",\"urlTemplate\":\"https:\/\/www.mtostes.com.br\/en\/?s={search_term_string}\"},\"query-input\":{\"@type\":\"PropertyValueSpecification\",\"valueRequired\":true,\"valueName\":\"search_term_string\"}}],\"inLanguage\":\"en-US\"}]}<\/script>\n<!-- \/ Yoast SEO plugin. -->","yoast_head_json":{"title":"-","description":"-","robots":{"index":"index","follow":"follow","max-snippet":"max-snippet:-1","max-image-preview":"max-image-preview:large","max-video-preview":"max-video-preview:-1"},"canonical":"https:\/\/www.mtostes.com.br\/en\/canada-desk\/","og_locale":"en_US","og_type":"article","og_title":"-","og_description":"-","og_url":"https:\/\/www.mtostes.com.br\/en\/canada-desk\/","og_site_name":"Marcelo Tostes Advogados","article_publisher":"https:\/\/www.facebook.com\/MTostesAdv","article_modified_time":"2023-06-07T14:01:12+00:00","twitter_card":"summary_large_image","twitter_site":"@MTostes_ADV","twitter_misc":{"Est. reading time":"3 minutes"},"schema":{"@context":"https:\/\/schema.org","@graph":[{"@type":"WebPage","@id":"https:\/\/www.mtostes.com.br\/en\/canada-desk\/","url":"https:\/\/www.mtostes.com.br\/en\/canada-desk\/","name":"-","isPartOf":{"@id":"https:\/\/www.mtostes.com.br\/en\/#website"},"datePublished":"2023-06-07T14:01:11+00:00","dateModified":"2023-06-07T14:01:12+00:00","description":"-","breadcrumb":{"@id":"https:\/\/www.mtostes.com.br\/en\/canada-desk\/#breadcrumb"},"inLanguage":"en-US","potentialAction":[{"@type":"ReadAction","target":["https:\/\/www.mtostes.com.br\/en\/canada-desk\/"]}]},{"@type":"BreadcrumbList","@id":"https:\/\/www.mtostes.com.br\/en\/canada-desk\/#breadcrumb","itemListElement":[{"@type":"ListItem","position":1,"name":"Home","item":"https:\/\/www.mtostes.com.br\/en\/"},{"@type":"ListItem","position":2,"name":"Canada Desk"}]},{"@type":"WebSite","@id":"https:\/\/www.mtostes.com.br\/en\/#website","url":"https:\/\/www.mtostes.com.br\/en\/","name":"Marcelo Tostes Advogados","description":"Conectando Inova\u00e7\u00e3o e Intelig\u00eancia Jur\u00eddica","potentialAction":[{"@type":"SearchAction","target":{"@type":"EntryPoint","urlTemplate":"https:\/\/www.mtostes.com.br\/en\/?s={search_term_string}"},"query-input":{"@type":"PropertyValueSpecification","valueRequired":true,"valueName":"search_term_string"}}],"inLanguage":"en-US"}]}},"_links":{"self":[{"href":"https:\/\/www.mtostes.com.br\/en\/wp-json\/wp\/v2\/pages\/7349","targetHints":{"allow":["GET"]}}],"collection":[{"href":"https:\/\/www.mtostes.com.br\/en\/wp-json\/wp\/v2\/pages"}],"about":[{"href":"https:\/\/www.mtostes.com.br\/en\/wp-json\/wp\/v2\/types\/page"}],"author":[{"embeddable":true,"href":"https:\/\/www.mtostes.com.br\/en\/wp-json\/wp\/v2\/users\/1"}],"replies":[{"embeddable":true,"href":"https:\/\/www.mtostes.com.br\/en\/wp-json\/wp\/v2\/comments?post=7349"}],"version-history":[{"count":2,"href":"https:\/\/www.mtostes.com.br\/en\/wp-json\/wp\/v2\/pages\/7349\/revisions"}],"predecessor-version":[{"id":7351,"href":"https:\/\/www.mtostes.com.br\/en\/wp-json\/wp\/v2\/pages\/7349\/revisions\/7351"}],"wp:attachment":[{"href":"https:\/\/www.mtostes.com.br\/en\/wp-json\/wp\/v2\/media?parent=7349"}],"curies":[{"name":"wp","href":"https:\/\/api.w.org\/{rel}","templated":true}]}}