{"id":7352,"date":"2023-06-07T11:03:45","date_gmt":"2023-06-07T14:03:45","guid":{"rendered":"https:\/\/www.mtostes.com.br\/portugal-desk\/"},"modified":"2023-06-07T11:03:46","modified_gmt":"2023-06-07T14:03:46","slug":"portugal-desk","status":"publish","type":"page","link":"https:\/\/www.mtostes.com.br\/en\/portugal-desk\/","title":{"rendered":"Portugal Desk"},"content":{"rendered":"<div class=\"wpb-content-wrapper\"><p>[vc_row css=&#8221;.vc_custom_1683636234891{margin-bottom: 60px !important;}&#8221;][vc_column width=&#8221;1\/3&#8243;]<div id=\"ultimate-heading-87069f257ce1c5b4\" class=\"uvc-heading ult-adjust-bottom-margin ultimate-heading-87069f257ce1c5b4 uvc-2290 \" data-hspacer=\"line_only\"  data-halign=\"left\" style=\"text-align:left\"><div class=\"uvc-main-heading ult-responsive\"  data-ultimate-target='.uvc-heading.ultimate-heading-87069f257ce1c5b4 h2'  data-responsive-json-new='{\"font-size\":\"desktop:28px;\",\"line-height\":\"desktop:34px;\"}' ><h2 style=\"font-weight:bold;color:#333333;margin-bottom:20px;\">PORTUGAL DESK<\/h2><\/div><div class=\"uvc-heading-spacer line_only\" style=\"topheight:1px;\"><span class=\"uvc-headings-line\" style=\"border-style:solid;border-bottom-width:1px;border-color:#33a93c;width:150px;\"><\/span><\/div><\/div>[\/vc_column][vc_column width=&#8221;2\/3&#8243;][\/vc_column][\/vc_row][vc_row type=&#8221;vc_default&#8221;][vc_column width=&#8221;1\/4&#8243; offset=&#8221;vc_col-lg-12 vc_col-md-12 vc_col-xs-12&#8243;][vc_empty_space height=&#8221;20&#8243;][\/vc_column][\/vc_row][vc_row][vc_column][vc_column_text]<span style=\"font-weight: 400;\">Since December 2022, Marcelo Tostes Advogados represents in Brazil and operates in Portugal through a partnership with RSA \u2013 Raposo Subtil e Associados, headquartered in Lisbon. Founded in 1997, RSA is based on a complete and integrated service to its clients, both nationally and internationally, combining a deep knowledge of the business with the requirement of technical knowledge. Integrating subject matter experts from Portugal and Brazil into the same team helps us quickly understand clients&#8217; needs and function as a single point of contact to offer complete solutions in both countries.<\/span><\/p>\n<p><span style=\"font-weight: 400;\">The <\/span><b><i>Portugal Desk MTA<\/i><\/b><span style=\"font-weight: 400;\"> assists clients in opening companies in Portugal and other European countries to carry out investments, corporate planning and estate planning, as well as providing global legal advice and in accordance with international standards of excellence in the various areas of law, such as: Litigation Banking, Public Litigation and Arbitration, Corporate, Commercial and M&amp;A, General Litigation, Labor and Social Security, Real Estate Asset Management, Banking and Insurance Law, Company Revitalization and Recovery, Intellectual Property and Data Protection, Judicial Recovery of Debts and Insolvency , Criminal &amp; Compliance, International Operations, Family and Probate.<\/span><\/p>\n<p><span style=\"font-weight: 400;\">Our focus is on helping companies enter new markets, operate across borders, and transform their organizations to meet future needs. With extensive knowledge of different industries and a global network of professionals, we help any company that intends to invest and expand its operations nationally and internationally. Through the Portuguese Language Advocacy Services Network (RSA LP), an innovative network of associated law firms\/law firms, we operate in six Portuguese-speaking countries (Portugal, Angola, Brazil, Cape Verde, and Mozambique Guinea-Bissau) in addition to Europe.<\/span><\/p>\n<p><span style=\"font-weight: 400;\">The <\/span><b><i>Portugal Desk MTA<\/i><\/b><span style=\"font-weight: 400;\"> seeks to help Portuguese and European companies to facilitate and optimize their business and investments in Brazil, in addition to advising Brazilian companies that want to invest in Portugal, Europe and throughout Lusophone Africa.<\/span>[\/vc_column_text][vc_empty_space][vc_column_text]<\/p>\n<h4>Contacts:<\/h4>\n<hr \/>\n<p>[\/vc_column_text][\/vc_column][\/vc_row][vc_row full_width=&#8221;stretch_row&#8221; content_placement=&#8221;middle&#8221; bg_type=&#8221;bg_color&#8221; bg_color_value=&#8221;#2c3338&#8243; css=&#8221;.vc_custom_1683639242016{margin-top: 50px !important;padding-top: 60px !important;padding-bottom: 60px !important;}&#8221;][vc_column width=&#8221;1\/2&#8243;][vc_row_inner][vc_column_inner width=&#8221;1\/3&#8243;][vc_single_image image=&#8221;5589&#8243; img_size=&#8221;medium&#8221;][\/vc_column_inner][vc_column_inner width=&#8221;2\/3&#8243;][vc_column_text]<\/p>\n<h6><span style=\"color: #ffffff;\">Fernando Drumond<\/span><\/h6>\n<p>[\/vc_column_text][vc_empty_space height=&#8221;10&#8243;]<div class=\"uavc-list-icon uavc-list-icon-wrapper ult-adjust-bottom-margin   \"><ul class=\"uavc-list\"><li><div class=\"uavc-list-content\" id=\"list-icon-wrap-4937\">\n<div class=\"uavc-list-icon  \" data-animation=\"\" data-animation-delay=\"03\" style=\"margin-right:10px;\"><div class=\"ult-just-icon-wrapper  \"><div class=\"align-icon\" style=\"text-align:center;\">\n<div class=\"aio-icon none \"  style=\"color:#33a93c;font-size:18px;display:inline-block;\">\n\t<i class=\"Defaults-phone-square\"><\/i>\n<\/div><\/div><\/div>\n<\/div><span  data-ultimate-target='#list-icon-wrap-4937 .uavc-list-desc'  data-responsive-json-new='{\"font-size\":\"\",\"line-height\":\"\"}'  class=\"uavc-list-desc ult-responsive\" style=\"\"><span style=\"color: #ffffff;\">+55 31 2538-7550<\/span><br \/>\n<span style=\"color: #ffffff;\">31 4501-4100<\/span><\/span><\/div><\/li><li><div class=\"uavc-list-content\" id=\"list-icon-wrap-5844\">\n<div class=\"uavc-list-icon  \" data-animation=\"\" data-animation-delay=\"03\" style=\"margin-right:10px;\"><div class=\"ult-just-icon-wrapper  \"><div class=\"align-icon\" style=\"text-align:center;\">\n<div class=\"aio-icon none \"  style=\"color:#33a93c;font-size:18px;display:inline-block;\">\n\t<i class=\"icomoon-the7-font-the7-mail-01\"><\/i>\n<\/div><\/div><\/div>\n<\/div><span  data-ultimate-target='#list-icon-wrap-5844 .uavc-list-desc'  data-responsive-json-new='{\"font-size\":\"\",\"line-height\":\"\"}'  class=\"uavc-list-desc ult-responsive\" style=\"\"><a href=\"mailto:contato@mtostes.com.br\">contato@mtostes.com.br<\/a><\/span><\/div><\/li><li><div class=\"uavc-list-content\" id=\"list-icon-wrap-9229\">\n<div class=\"uavc-list-icon  \" data-animation=\"\" data-animation-delay=\"03\" style=\"margin-right:10px;\"><div class=\"ult-just-icon-wrapper  \"><div class=\"align-icon\" style=\"text-align:center;\">\n<div class=\"aio-icon none \"  style=\"color:#33a93c;font-size:18px;display:inline-block;\">\n\t<i class=\"Defaults-linkedin-square\"><\/i>\n<\/div><\/div><\/div>\n<\/div><span  data-ultimate-target='#list-icon-wrap-9229 .uavc-list-desc'  data-responsive-json-new='{\"font-size\":\"\",\"line-height\":\"\"}'  class=\"uavc-list-desc ult-responsive\" style=\"\"><a href=\"https:\/\/www.linkedin.com\/in\/fernando-drummond-113427b7\/\" target=\"_blank\" rel=\"noopener\">More<\/a><\/span><\/div><\/li><\/ul><\/div>[\/vc_column_inner][\/vc_row_inner][\/vc_column][vc_column width=&#8221;1\/2&#8243;][vc_row_inner][vc_column_inner width=&#8221;1\/3&#8243;][vc_single_image image=&#8221;5469&#8243; img_size=&#8221;medium&#8221;][\/vc_column_inner][vc_column_inner width=&#8221;2\/3&#8243;][vc_column_text]<\/p>\n<h6><span style=\"color: #ffffff;\">Camila Morais Leite<\/span><\/h6>\n<p>[\/vc_column_text][vc_empty_space height=&#8221;10&#8243;]<div class=\"uavc-list-icon uavc-list-icon-wrapper ult-adjust-bottom-margin   \"><ul class=\"uavc-list\"><li><div class=\"uavc-list-content\" id=\"list-icon-wrap-1918\">\n<div class=\"uavc-list-icon  \" data-animation=\"\" data-animation-delay=\"03\" style=\"margin-right:10px;\"><div class=\"ult-just-icon-wrapper  \"><div class=\"align-icon\" style=\"text-align:center;\">\n<div class=\"aio-icon none \"  style=\"color:#33a93c;font-size:18px;display:inline-block;\">\n\t<i class=\"Defaults-phone-square\"><\/i>\n<\/div><\/div><\/div>\n<\/div><span  data-ultimate-target='#list-icon-wrap-1918 .uavc-list-desc'  data-responsive-json-new='{\"font-size\":\"\",\"line-height\":\"\"}'  class=\"uavc-list-desc ult-responsive\" style=\"\"><span style=\"color: #ffffff;\">+55 31 2538-7550<\/span><br \/>\n<span style=\"color: #ffffff;\">31 4501-4100<\/span><\/span><\/div><\/li><li><div class=\"uavc-list-content\" id=\"list-icon-wrap-6916\">\n<div class=\"uavc-list-icon  \" data-animation=\"\" data-animation-delay=\"03\" style=\"margin-right:10px;\"><div class=\"ult-just-icon-wrapper  \"><div class=\"align-icon\" style=\"text-align:center;\">\n<div class=\"aio-icon none \"  style=\"color:#33a93c;font-size:18px;display:inline-block;\">\n\t<i class=\"icomoon-the7-font-the7-mail-01\"><\/i>\n<\/div><\/div><\/div>\n<\/div><span  data-ultimate-target='#list-icon-wrap-6916 .uavc-list-desc'  data-responsive-json-new='{\"font-size\":\"\",\"line-height\":\"\"}'  class=\"uavc-list-desc ult-responsive\" style=\"\"><a href=\"mailto:camila.morais@mtostes.com.br\" target=\"_blank\" rel=\"noopener\">camila.morais@mtostes.com.br<\/a><\/span><\/div><\/li><li><div class=\"uavc-list-content\" id=\"list-icon-wrap-2019\">\n<div class=\"uavc-list-icon  \" data-animation=\"\" data-animation-delay=\"03\" style=\"margin-right:10px;\"><div class=\"ult-just-icon-wrapper  \"><div class=\"align-icon\" style=\"text-align:center;\">\n<div class=\"aio-icon none \"  style=\"color:#33a93c;font-size:18px;display:inline-block;\">\n\t<i class=\"Defaults-linkedin-square\"><\/i>\n<\/div><\/div><\/div>\n<\/div><span  data-ultimate-target='#list-icon-wrap-2019 .uavc-list-desc'  data-responsive-json-new='{\"font-size\":\"\",\"line-height\":\"\"}'  class=\"uavc-list-desc ult-responsive\" style=\"\"><a href=\"https:\/\/www.linkedin.com\/in\/camila-morais-leite-09554b13\/\" target=\"_blank\" rel=\"noopener\">More<\/a><\/span><\/div><\/li><\/ul><\/div>[\/vc_column_inner][\/vc_row_inner][\/vc_column][\/vc_row]<\/p>\n<\/div>","protected":false},"excerpt":{"rendered":"<p>[vc_row css=&#8221;.vc_custom_1683636234891{margin-bottom: 60px !important;}&#8221;][vc_column width=&#8221;1\/3&#8243;][\/vc_column][vc_column width=&#8221;2\/3&#8243;][\/vc_column][\/vc_row][vc_row type=&#8221;vc_default&#8221;][vc_column width=&#8221;1\/4&#8243; offset=&#8221;vc_col-lg-12 vc_col-md-12 vc_col-xs-12&#8243;][vc_empty_space height=&#8221;20&#8243;][\/vc_column][\/vc_row][vc_row][vc_column][vc_column_text]Since December 2022, Marcelo Tostes Advogados represents in Brazil and operates in Portugal through a partnership with RSA \u2013 Raposo Subtil e Associados, headquartered in Lisbon. Founded in 1997, RSA is based on a complete and integrated service to its clients, both nationally and&hellip;<\/p>\n","protected":false},"author":1,"featured_media":0,"parent":0,"menu_order":10,"comment_status":"closed","ping_status":"closed","template":"","meta":{"footnotes":""},"class_list":["post-7352","page","type-page","status-publish","hentry","description-off"],"yoast_head":"<!-- This site is optimized with the Yoast SEO plugin v23.7 - https:\/\/yoast.com\/wordpress\/plugins\/seo\/ -->\n<title>Esta sess\u00e3o destaca nossas associa\u00e7\u00f5es, parcerias e realiza\u00e7\u00f5es<\/title>\n<meta name=\"description\" content=\"Esta sess\u00e3o destaca nossas associa\u00e7\u00f5es, parcerias e realiza\u00e7\u00f5es recentes nesses esfor\u00e7os \u2013 que s\u00e3o alcan\u00e7adas atrav\u00e9s da dedica\u00e7\u00e3o de nossos profissionais.\" \/>\n<meta name=\"robots\" content=\"index, follow, max-snippet:-1, max-image-preview:large, max-video-preview:-1\" \/>\n<link rel=\"canonical\" href=\"https:\/\/www.mtostes.com.br\/en\/portugal-desk\/\" \/>\n<meta property=\"og:locale\" content=\"en_US\" \/>\n<meta property=\"og:type\" content=\"article\" \/>\n<meta property=\"og:title\" content=\"Esta sess\u00e3o destaca nossas associa\u00e7\u00f5es, parcerias e realiza\u00e7\u00f5es\" \/>\n<meta property=\"og:description\" content=\"Esta sess\u00e3o destaca nossas associa\u00e7\u00f5es, parcerias e realiza\u00e7\u00f5es recentes nesses esfor\u00e7os \u2013 que s\u00e3o alcan\u00e7adas atrav\u00e9s da dedica\u00e7\u00e3o de nossos profissionais.\" \/>\n<meta property=\"og:url\" content=\"https:\/\/www.mtostes.com.br\/en\/portugal-desk\/\" \/>\n<meta property=\"og:site_name\" content=\"Marcelo Tostes Advogados\" \/>\n<meta property=\"article:publisher\" content=\"https:\/\/www.facebook.com\/MTostesAdv\" \/>\n<meta property=\"article:modified_time\" content=\"2023-06-07T14:03:46+00:00\" \/>\n<meta name=\"twitter:card\" content=\"summary_large_image\" \/>\n<meta name=\"twitter:site\" content=\"@MTostes_ADV\" \/>\n<meta name=\"twitter:label1\" content=\"Est. reading time\" \/>\n\t<meta name=\"twitter:data1\" content=\"3 minutes\" \/>\n<script type=\"application\/ld+json\" class=\"yoast-schema-graph\">{\"@context\":\"https:\/\/schema.org\",\"@graph\":[{\"@type\":\"WebPage\",\"@id\":\"https:\/\/www.mtostes.com.br\/en\/portugal-desk\/\",\"url\":\"https:\/\/www.mtostes.com.br\/en\/portugal-desk\/\",\"name\":\"Esta sess\u00e3o destaca nossas associa\u00e7\u00f5es, parcerias e realiza\u00e7\u00f5es\",\"isPartOf\":{\"@id\":\"https:\/\/www.mtostes.com.br\/en\/#website\"},\"datePublished\":\"2023-06-07T14:03:45+00:00\",\"dateModified\":\"2023-06-07T14:03:46+00:00\",\"description\":\"Esta sess\u00e3o destaca nossas associa\u00e7\u00f5es, parcerias e realiza\u00e7\u00f5es recentes nesses esfor\u00e7os \u2013 que s\u00e3o alcan\u00e7adas atrav\u00e9s da dedica\u00e7\u00e3o de nossos profissionais.\",\"breadcrumb\":{\"@id\":\"https:\/\/www.mtostes.com.br\/en\/portugal-desk\/#breadcrumb\"},\"inLanguage\":\"en-US\",\"potentialAction\":[{\"@type\":\"ReadAction\",\"target\":[\"https:\/\/www.mtostes.com.br\/en\/portugal-desk\/\"]}]},{\"@type\":\"BreadcrumbList\",\"@id\":\"https:\/\/www.mtostes.com.br\/en\/portugal-desk\/#breadcrumb\",\"itemListElement\":[{\"@type\":\"ListItem\",\"position\":1,\"name\":\"Home\",\"item\":\"https:\/\/www.mtostes.com.br\/en\/\"},{\"@type\":\"ListItem\",\"position\":2,\"name\":\"Portugal Desk\"}]},{\"@type\":\"WebSite\",\"@id\":\"https:\/\/www.mtostes.com.br\/en\/#website\",\"url\":\"https:\/\/www.mtostes.com.br\/en\/\",\"name\":\"Marcelo Tostes Advogados\",\"description\":\"Conectando Inova\u00e7\u00e3o e Intelig\u00eancia Jur\u00eddica\",\"potentialAction\":[{\"@type\":\"SearchAction\",\"target\":{\"@type\":\"EntryPoint\",\"urlTemplate\":\"https:\/\/www.mtostes.com.br\/en\/?s={search_term_string}\"},\"query-input\":{\"@type\":\"PropertyValueSpecification\",\"valueRequired\":true,\"valueName\":\"search_term_string\"}}],\"inLanguage\":\"en-US\"}]}<\/script>\n<!-- \/ Yoast SEO plugin. -->","yoast_head_json":{"title":"Esta sess\u00e3o destaca nossas associa\u00e7\u00f5es, parcerias e realiza\u00e7\u00f5es","description":"Esta sess\u00e3o destaca nossas associa\u00e7\u00f5es, parcerias e realiza\u00e7\u00f5es recentes nesses esfor\u00e7os \u2013 que s\u00e3o alcan\u00e7adas atrav\u00e9s da dedica\u00e7\u00e3o de nossos profissionais.","robots":{"index":"index","follow":"follow","max-snippet":"max-snippet:-1","max-image-preview":"max-image-preview:large","max-video-preview":"max-video-preview:-1"},"canonical":"https:\/\/www.mtostes.com.br\/en\/portugal-desk\/","og_locale":"en_US","og_type":"article","og_title":"Esta sess\u00e3o destaca nossas associa\u00e7\u00f5es, parcerias e realiza\u00e7\u00f5es","og_description":"Esta sess\u00e3o destaca nossas associa\u00e7\u00f5es, parcerias e realiza\u00e7\u00f5es recentes nesses esfor\u00e7os \u2013 que s\u00e3o alcan\u00e7adas atrav\u00e9s da dedica\u00e7\u00e3o de nossos profissionais.","og_url":"https:\/\/www.mtostes.com.br\/en\/portugal-desk\/","og_site_name":"Marcelo Tostes Advogados","article_publisher":"https:\/\/www.facebook.com\/MTostesAdv","article_modified_time":"2023-06-07T14:03:46+00:00","twitter_card":"summary_large_image","twitter_site":"@MTostes_ADV","twitter_misc":{"Est. reading time":"3 minutes"},"schema":{"@context":"https:\/\/schema.org","@graph":[{"@type":"WebPage","@id":"https:\/\/www.mtostes.com.br\/en\/portugal-desk\/","url":"https:\/\/www.mtostes.com.br\/en\/portugal-desk\/","name":"Esta sess\u00e3o destaca nossas associa\u00e7\u00f5es, parcerias e realiza\u00e7\u00f5es","isPartOf":{"@id":"https:\/\/www.mtostes.com.br\/en\/#website"},"datePublished":"2023-06-07T14:03:45+00:00","dateModified":"2023-06-07T14:03:46+00:00","description":"Esta sess\u00e3o destaca nossas associa\u00e7\u00f5es, parcerias e realiza\u00e7\u00f5es recentes nesses esfor\u00e7os \u2013 que s\u00e3o alcan\u00e7adas atrav\u00e9s da dedica\u00e7\u00e3o de nossos profissionais.","breadcrumb":{"@id":"https:\/\/www.mtostes.com.br\/en\/portugal-desk\/#breadcrumb"},"inLanguage":"en-US","potentialAction":[{"@type":"ReadAction","target":["https:\/\/www.mtostes.com.br\/en\/portugal-desk\/"]}]},{"@type":"BreadcrumbList","@id":"https:\/\/www.mtostes.com.br\/en\/portugal-desk\/#breadcrumb","itemListElement":[{"@type":"ListItem","position":1,"name":"Home","item":"https:\/\/www.mtostes.com.br\/en\/"},{"@type":"ListItem","position":2,"name":"Portugal Desk"}]},{"@type":"WebSite","@id":"https:\/\/www.mtostes.com.br\/en\/#website","url":"https:\/\/www.mtostes.com.br\/en\/","name":"Marcelo Tostes Advogados","description":"Conectando Inova\u00e7\u00e3o e Intelig\u00eancia Jur\u00eddica","potentialAction":[{"@type":"SearchAction","target":{"@type":"EntryPoint","urlTemplate":"https:\/\/www.mtostes.com.br\/en\/?s={search_term_string}"},"query-input":{"@type":"PropertyValueSpecification","valueRequired":true,"valueName":"search_term_string"}}],"inLanguage":"en-US"}]}},"_links":{"self":[{"href":"https:\/\/www.mtostes.com.br\/en\/wp-json\/wp\/v2\/pages\/7352","targetHints":{"allow":["GET"]}}],"collection":[{"href":"https:\/\/www.mtostes.com.br\/en\/wp-json\/wp\/v2\/pages"}],"about":[{"href":"https:\/\/www.mtostes.com.br\/en\/wp-json\/wp\/v2\/types\/page"}],"author":[{"embeddable":true,"href":"https:\/\/www.mtostes.com.br\/en\/wp-json\/wp\/v2\/users\/1"}],"replies":[{"embeddable":true,"href":"https:\/\/www.mtostes.com.br\/en\/wp-json\/wp\/v2\/comments?post=7352"}],"version-history":[{"count":2,"href":"https:\/\/www.mtostes.com.br\/en\/wp-json\/wp\/v2\/pages\/7352\/revisions"}],"predecessor-version":[{"id":7354,"href":"https:\/\/www.mtostes.com.br\/en\/wp-json\/wp\/v2\/pages\/7352\/revisions\/7354"}],"wp:attachment":[{"href":"https:\/\/www.mtostes.com.br\/en\/wp-json\/wp\/v2\/media?parent=7352"}],"curies":[{"name":"wp","href":"https:\/\/api.w.org\/{rel}","templated":true}]}}